{"id":77,"date":"2025-08-13T14:20:21","date_gmt":"2025-08-13T14:20:21","guid":{"rendered":"https:\/\/vitaldeathcafe.org\/que-es-el-vital-death-cafe\/"},"modified":"2025-08-28T17:51:35","modified_gmt":"2025-08-28T17:51:35","slug":"que-es-el-vital-death-cafe","status":"publish","type":"page","link":"https:\/\/vitaldeathcafe.org\/es\/que-es-el-vital-death-cafe\/","title":{"rendered":"\u00bfQu\u00e9 es el \u201cvital death caf\u00e9\u201d?"},"content":{"rendered":"[vc_row type=\u00bbfull_width_background\u00bb full_screen_row_position=\u00bbmiddle\u00bb column_margin=\u00bbdefault\u00bb column_direction=\u00bbdefault\u00bb column_direction_tablet=\u00bbdefault\u00bb column_direction_phone=\u00bbdefault\u00bb scene_position=\u00bbcenter\u00bb top_padding=\u00bb6%\u00bb constrain_group_1=\u00bbyes\u00bb bottom_padding=\u00bb6%\u00bb text_color=\u00bbdark\u00bb text_align=\u00bbleft\u00bb row_border_radius=\u00bbnone\u00bb row_border_radius_applies=\u00bbbg\u00bb overflow=\u00bbvisible\u00bb overlay_strength=\u00bb0.3&#8243; gradient_direction=\u00bbleft_to_right\u00bb shape_divider_position=\u00bbbottom\u00bb bg_image_animation=\u00bbnone\u00bb gradient_type=\u00bbdefault\u00bb shape_type=\u00bb\u00bb][vc_column column_padding=\u00bbno-extra-padding\u00bb column_padding_tablet=\u00bbinherit\u00bb column_padding_phone=\u00bbinherit\u00bb column_padding_position=\u00bball\u00bb column_element_direction_desktop=\u00bbdefault\u00bb column_element_spacing=\u00bbdefault\u00bb desktop_text_alignment=\u00bbdefault\u00bb tablet_text_alignment=\u00bbdefault\u00bb phone_text_alignment=\u00bbdefault\u00bb background_color_opacity=\u00bb1&#8243; background_hover_color_opacity=\u00bb1&#8243; column_backdrop_filter=\u00bbnone\u00bb column_shadow=\u00bbnone\u00bb column_border_radius=\u00bbnone\u00bb column_link_target=\u00bb_self\u00bb column_position=\u00bbdefault\u00bb gradient_direction=\u00bbleft_to_right\u00bb overlay_strength=\u00bb0.3&#8243; width=\u00bb1\/1&#8243; tablet_width_inherit=\u00bbdefault\u00bb animation_type=\u00bbdefault\u00bb bg_image_animation=\u00bbnone\u00bb border_type=\u00bbsimple\u00bb column_border_width=\u00bbnone\u00bb column_border_style=\u00bbsolid\u00bb][vc_row_inner column_margin=\u00bbdefault\u00bb column_direction=\u00bbdefault\u00bb column_direction_tablet=\u00bbdefault\u00bb column_direction_phone=\u00bbdefault\u00bb text_align=\u00bbleft\u00bb row_position=\u00bbdefault\u00bb row_position_tablet=\u00bbinherit\u00bb row_position_phone=\u00bbinherit\u00bb overflow=\u00bbvisible\u00bb pointer_events=\u00bball\u00bb][vc_column_inner column_padding=\u00bbno-extra-padding\u00bb column_padding_tablet=\u00bbinherit\u00bb column_padding_phone=\u00bbinherit\u00bb column_padding_position=\u00bball\u00bb column_element_direction_desktop=\u00bbdefault\u00bb column_element_spacing=\u00bb0px\u00bb desktop_text_alignment=\u00bbdefault\u00bb tablet_text_alignment=\u00bbdefault\u00bb phone_text_alignment=\u00bbdefault\u00bb background_color_opacity=\u00bb1&#8243; background_hover_color_opacity=\u00bb1&#8243; column_backdrop_filter=\u00bbnone\u00bb column_shadow=\u00bbnone\u00bb column_border_radius=\u00bbnone\u00bb column_link_target=\u00bb_self\u00bb overflow=\u00bbvisible\u00bb gradient_direction=\u00bbleft_to_right\u00bb overlay_strength=\u00bb0.3&#8243; width=\u00bb1\/3&#8243; tablet_width_inherit=\u00bbdefault\u00bb animation_type=\u00bbdefault\u00bb bg_image_animation=\u00bbnone\u00bb border_type=\u00bbsimple\u00bb column_border_width=\u00bbnone\u00bb column_border_style=\u00bbsolid\u00bb column_padding_type=\u00bbdefault\u00bb gradient_type=\u00bbdefault\u00bb][\/vc_column_inner][vc_column_inner right_padding_desktop=\u00bb15%\u00bb right_padding_tablet=\u00bb0&#8243; column_element_direction_desktop=\u00bbdefault\u00bb column_element_spacing=\u00bb30px\u00bb desktop_text_alignment=\u00bbdefault\u00bb tablet_text_alignment=\u00bbdefault\u00bb phone_text_alignment=\u00bbdefault\u00bb background_color_opacity=\u00bb1&#8243; background_hover_color_opacity=\u00bb1&#8243; column_backdrop_filter=\u00bbnone\u00bb column_shadow=\u00bbnone\u00bb column_border_radius=\u00bbnone\u00bb column_link_target=\u00bb_self\u00bb overflow=\u00bbvisible\u00bb gradient_direction=\u00bbleft_to_right\u00bb overlay_strength=\u00bb0.3&#8243; width=\u00bb2\/3&#8243; tablet_width_inherit=\u00bbdefault\u00bb animation_type=\u00bbdefault\u00bb bg_image_animation=\u00bbnone\u00bb border_type=\u00bbsimple\u00bb column_border_width=\u00bbnone\u00bb column_border_style=\u00bbsolid\u00bb column_padding_type=\u00bbadvanced\u00bb gradient_type=\u00bbdefault\u00bb][nectar_responsive_text inherited_font_style=\u00bbdefault\u00bb font_size_desktop=\u00bb1.5em\u00bb font_line_height=\u00bb1.6&#8243; text_direction=\u00bbdefault\u00bb font_size_tablet=\u00bb1em\u00bb]<span style=\"font-weight: 400;\">El Vital Death Caf\u00e9 se concibe como un espacio humano para la reflexi\u00f3n colectiva sobre la experiencia humana, basado en el reconocimiento de nuestra mortalidad inherente. Es una invitaci\u00f3n a reunirse en encuentros aut\u00e9nticos con otros que sienten la necesidad de compartir preguntas, inquietudes y visiones sobre lo que significa vivir \u2014y morir\u2014 con dignidad. Ofrece un espacio para redescubrir nuestra humanidad compartida a trav\u00e9s de la pr\u00e1ctica mutua de la vulnerabilidad confiable.<\/span><\/p>\n<p><span style=\"font-weight: 400;\">Uno podr\u00eda preguntar, <\/span><i><span style=\"font-weight: 400;\">\u00bfpor qu\u00e9 es necesario un espacio como este?<\/span><\/i><span style=\"font-weight: 400;\"> La respuesta radica en la creciente ausencia de tiempo y oportunidad para habitar colectivamente las preguntas m\u00e1s profundas de la condici\u00f3n humana. Tambi\u00e9n refleja un clima social m\u00e1s amplio marcado por la desconfianza, el aislamiento, la soledad no deseada y el abandono. En un sistema que descarta a aquellos considerados improductivos seg\u00fan los est\u00e1ndares capitalistas, nos enfrentamos no solo a la constante amenaza de exclusi\u00f3n, sino tambi\u00e9n a una atm\u00f3sfera violenta de guerras culturales, cultura de la cancelaci\u00f3n, xenofobia, racismo y confrontaci\u00f3n ideol\u00f3gica.<\/span><\/p>\n<p><span style=\"font-weight: 400;\">Al mismo tiempo, la aporofobia (miedo o rechazo a los pobres) y la sociofobia imperantes dan lugar a una serie de mecanismos de autoprotecci\u00f3n que alimentan la autoabsorci\u00f3n y la creciente virtualizaci\u00f3n de la vida y las relaciones. En este contexto, parece que caminamos a trav\u00e9s de nuestras biograf\u00edas personales y colectivas en un acto diario de equilibrio precario.<\/span><\/p>\n<p><span style=\"font-weight: 400;\">El Vital Death Caf\u00e9 se abre como un regalo de tiempo necesario: tiempo para <\/span><i><span style=\"font-weight: 400;\">ser<\/span><\/i><span style=\"font-weight: 400;\"> y <\/span><i><span style=\"font-weight: 400;\">existir<\/span><\/i><span style=\"font-weight: 400;\"> como seres humanos, compartiendo desde la necesidad intr\u00ednseca de reflexionar y acompa\u00f1arnos mutuamente a trav\u00e9s de las muchas transiciones de la vida.<\/span>[\/nectar_responsive_text][nectar_cta btn_style=\u00bbunderline\u00bb heading_tag=\u00bbp\u00bb button_color=\u00bbdefault\u00bb button_border_thickness=\u00bb0px\u00bb link_type=\u00bbregular\u00bb alignment=\u00bbleft\u00bb alignment_tablet=\u00bbdefault\u00bb alignment_phone=\u00bbdefault\u00bb display=\u00bbblock\u00bb display_tablet=\u00bbinherit\u00bb display_phone=\u00bbinherit\u00bb icon_family=\u00bbnone\u00bb font_size_desktop=\u00bb1rem\u00bb link_text=\u00bbVer sitio web\u00bb margin_top=\u00bb50&#8243; url=\u00bb#\u00bb][\/vc_column_inner][\/vc_row_inner][\/vc_column][\/vc_row]\n","protected":false},"excerpt":{"rendered":"<p>[vc_row type=\u00bbfull_width_background\u00bb full_screen_row_position=\u00bbmiddle\u00bb column_margin=\u00bbdefault\u00bb column_direction=\u00bbdefault\u00bb column_direction_tablet=\u00bbdefault\u00bb column_direction_phone=\u00bbdefault\u00bb scene_position=\u00bbcenter\u00bb top_padding=\u00bb6%\u00bb constrain_group_1=\u00bbyes\u00bb bottom_padding=\u00bb6%\u00bb text_color=\u00bbdark\u00bb text_align=\u00bbleft\u00bb row_border_radius=\u00bbnone\u00bb row_border_radius_applies=\u00bbbg\u00bb overflow=\u00bbvisible\u00bb overlay_strength=\u00bb0.3&#8243; gradient_direction=\u00bbleft_to_right\u00bb shape_divider_position=\u00bbbottom\u00bb bg_image_animation=\u00bbnone\u00bb gradient_type=\u00bbdefault\u00bb shape_type=\u00bb\u00bb][vc_column column_padding=\u00bbno-extra-padding\u00bb column_padding_tablet=\u00bbinherit\u00bb column_padding_phone=\u00bbinherit\u00bb column_padding_position=\u00bball\u00bb column_element_direction_desktop=\u00bbdefault\u00bb column_element_spacing=\u00bbdefault\u00bb desktop_text_alignment=\u00bbdefault\u00bb tablet_text_alignment=\u00bbdefault\u00bb&#8230;<\/p>\n","protected":false},"author":4,"featured_media":0,"parent":0,"menu_order":0,"comment_status":"closed","ping_status":"closed","template":"","meta":{"footnotes":""},"class_list":["post-77","page","type-page","status-publish"],"_links":{"self":[{"href":"https:\/\/vitaldeathcafe.org\/es\/wp-json\/wp\/v2\/pages\/77","targetHints":{"allow":["GET"]}}],"collection":[{"href":"https:\/\/vitaldeathcafe.org\/es\/wp-json\/wp\/v2\/pages"}],"about":[{"href":"https:\/\/vitaldeathcafe.org\/es\/wp-json\/wp\/v2\/types\/page"}],"author":[{"embeddable":true,"href":"https:\/\/vitaldeathcafe.org\/es\/wp-json\/wp\/v2\/users\/4"}],"replies":[{"embeddable":true,"href":"https:\/\/vitaldeathcafe.org\/es\/wp-json\/wp\/v2\/comments?post=77"}],"version-history":[{"count":2,"href":"https:\/\/vitaldeathcafe.org\/es\/wp-json\/wp\/v2\/pages\/77\/revisions"}],"predecessor-version":[{"id":79,"href":"https:\/\/vitaldeathcafe.org\/es\/wp-json\/wp\/v2\/pages\/77\/revisions\/79"}],"wp:attachment":[{"href":"https:\/\/vitaldeathcafe.org\/es\/wp-json\/wp\/v2\/media?parent=77"}],"curies":[{"name":"wp","href":"https:\/\/api.w.org\/{rel}","templated":true}]}}